{"id":7,"date":"2020-09-28T10:28:47","date_gmt":"2020-09-28T07:28:47","guid":{"rendered":"http:\/\/oryantasyon.yildiz.edu.tr\/?page_id=7"},"modified":"2020-09-29T23:17:09","modified_gmt":"2020-09-29T20:17:09","slug":"anasayfa","status":"publish","type":"page","link":"https:\/\/oryantasyon.yildiz.edu.tr\/","title":{"rendered":"Anasayfa"},"content":{"rendered":"<p>[vc_row border_width=&#8221;0&#8243; margin_top=&#8221;0&#8243; margin_bottom=&#8221;0&#8243; padding_top=&#8221;0&#8243; padding_bottom=&#8221;0&#8243;][vc_column css=&#8221;.vc_custom_1601285739166{margin-top: 0px !important;border-top-width: 0px !important;padding-top: 0px !important;}&#8221;][rev_slider_vc alias=&#8221;oryantasyon-slider&#8221;][\/vc_column][\/vc_row][vc_row row_type=&#8221;row_full_center_content&#8221;][vc_column][vc_column_text]<\/p>\n<p style=\"text-align: center;\">Sevgili <strong>Yeni YILDIZLILAR<\/strong>,<\/p>\n<p style=\"text-align: center;\">Y\u0131ld\u0131z Teknik \u00dcniversitesi ailesine ho\u015f geldiniz.<\/p>\n<p style=\"text-align: center;\">\u00dcniversitemizi yeni kazanan \u00f6\u011frencilerimiz i\u00e7in d\u00fczenledi\u011fimiz Oryantasyon program\u0131nda \u00fcniversiteniz ile ilgili \u00f6nemli bilgileri do\u011frudan ilgili ki\u015filerden dinleme f\u0131rsat\u0131 bulacaks\u0131n\u0131z. Etkinli\u011fimiz belli bir kontenjan dahilinde y\u00fcz y\u00fcze yap\u0131lacak olup ayn\u0131 zamanda kurumsal sosyal medya hesaplar\u0131m\u0131zdan canl\u0131 olarak da yay\u0131nlanacakt\u0131r. Etkinli\u011fe y\u00fcz y\u00fcze kat\u0131l\u0131m yapmak i\u00e7in a\u015fa\u011f\u0131da bulunan formu doldurman\u0131z gerekmektedir. Kat\u0131l\u0131m say\u0131s\u0131n\u0131n kontenjan\u0131 a\u015fmas\u0131 durumunda etkinlik ba\u015fka bir tarihte tekrarlanacakt\u0131r.<\/p>\n<p>[\/vc_column_text][vc_tta_tour shape=&#8221;square&#8221; color=&#8221;black&#8221; controls_size=&#8221;md&#8221; active_section=&#8221;1&#8243; el_class=&#8221;fakulte&#8221;][vc_tta_section title=&#8221;Elektrik-Elektronik Fak\u00fcltesi \u00bb&#8221; tab_id=&#8221;1601286632777-408406f1-298b&#8221;][vc_column_text]<p class=\"form-locked-message\">Bu fak\u00fclte i\u00e7in ayr\u0131lan kontenjan dolmu\u015ftur. Etkinli\u011fimizi kurumsal sosyal medya hesaplar\u0131m\u0131zdan canl\u0131 olarak izleyebilirsiniz.<\/p> [\/vc_column_text][\/vc_tta_section][vc_tta_section title=&#8221;E\u011fitim Fak\u00fcltesi \u00bb&#8221; tab_id=&#8221;1601286632769-b0de781f-1f04&#8243;][vc_column_text]<p class=\"form-locked-message\">Bu fak\u00fclte i\u00e7in ayr\u0131lan kontenjan dolmu\u015ftur. Etkinli\u011fimizi kurumsal sosyal medya hesaplar\u0131m\u0131zdan canl\u0131 olarak izleyebilirsiniz.<\/p> [\/vc_column_text][\/vc_tta_section][vc_tta_section title=&#8221;Fen-Edebiyat Fak\u00fcltesi \u00bb&#8221; tab_id=&#8221;1601286659869-3abeafb6-2439&#8243;][vc_column_text]<p class=\"form-locked-message\">Bu fak\u00fclte i\u00e7in ayr\u0131lan kontenjan dolmu\u015ftur. Etkinli\u011fimizi kurumsal sosyal medya hesaplar\u0131m\u0131zdan canl\u0131 olarak izleyebilirsiniz.<\/p>[\/vc_column_text][\/vc_tta_section][vc_tta_section title=&#8221;Gemi \u0130n\u015faat\u0131 ve Denizcilik Fak\u00fcltesi \u00bb&#8221; tab_id=&#8221;1601286739128-afcde791-f80c&#8221;][vc_column_text]<div class=\"wpforms-container wpforms-container-full\" id=\"wpforms-102\"><form id=\"wpforms-form-102\" class=\"wpforms-validate wpforms-form\" data-formid=\"102\" method=\"post\" enctype=\"multipart\/form-data\" action=\"\/index.php\/wp-json\/wp\/v2\/pages\/7\"><div class=\"wpforms-field-container\"><div id=\"wpforms-102-field_1-container\" class=\"wpforms-field wpforms-field-name\" data-field-id=\"1\"><label class=\"wpforms-field-label\" for=\"wpforms-102-field_1\">Ad-Soyad <span class=\"wpforms-required-label\">*<\/span><\/label><div class=\"wpforms-field-row wpforms-field-medium\"><div class=\"wpforms-field-row-block wpforms-first wpforms-one-half\"><input type=\"text\" id=\"wpforms-102-field_1\" class=\"wpforms-field-name-first wpforms-field-required\" name=\"wpforms[fields][1][first]\" placeholder=\"Ad\u0131n\u0131z\" required><label for=\"wpforms-102-field_1\" class=\"wpforms-field-sublabel after wpforms-sublabel-hide\">First<\/label><\/div><div class=\"wpforms-field-row-block wpforms-one-half\"><input type=\"text\" id=\"wpforms-102-field_1-last\" class=\"wpforms-field-name-last wpforms-field-required\" name=\"wpforms[fields][1][last]\" placeholder=\"Soyad\u0131n\u0131z\" required><label for=\"wpforms-102-field_1-last\" class=\"wpforms-field-sublabel after wpforms-sublabel-hide\">Last<\/label><\/div><\/div><\/div><div id=\"wpforms-102-field_5-container\" class=\"wpforms-field wpforms-field-text\" data-field-id=\"5\"><label class=\"wpforms-field-label\" for=\"wpforms-102-field_5\">\u00d6\u011frenci E-posta <span class=\"wpforms-required-label\">*<\/span><\/label><input type=\"text\" id=\"wpforms-102-field_5\" class=\"wpforms-field-medium wpforms-field-required\" name=\"wpforms[fields][5]\" required><\/div><div id=\"wpforms-102-field_6-container\" class=\"wpforms-field wpforms-field-text\" data-field-id=\"6\"><label class=\"wpforms-field-label\" for=\"wpforms-102-field_6\">Telefon No <span class=\"wpforms-required-label\">*<\/span><\/label><input type=\"text\" id=\"wpforms-102-field_6\" class=\"wpforms-field-medium wpforms-field-required\" name=\"wpforms[fields][6]\" required><\/div><div id=\"wpforms-102-field_2-container\" class=\"wpforms-field wpforms-field-text\" data-field-id=\"2\"><label class=\"wpforms-field-label\" for=\"wpforms-102-field_2\">T.C. No <span class=\"wpforms-required-label\">*<\/span><\/label><input type=\"text\" id=\"wpforms-102-field_2\" class=\"wpforms-field-medium wpforms-field-required\" name=\"wpforms[fields][2]\" required><\/div><div id=\"wpforms-102-field_3-container\" class=\"wpforms-field wpforms-field-text\" data-field-id=\"3\"><label class=\"wpforms-field-label\" for=\"wpforms-102-field_3\">HES Kodu <span class=\"wpforms-required-label\">*<\/span><\/label><input type=\"text\" id=\"wpforms-102-field_3\" class=\"wpforms-field-medium wpforms-field-required\" name=\"wpforms[fields][3]\" required><\/div><div id=\"wpforms-102-field_4-container\" class=\"wpforms-field wpforms-field-select\" data-field-id=\"4\"><label class=\"wpforms-field-label\" for=\"wpforms-102-field_4\">B\u00f6l\u00fcm <span class=\"wpforms-required-label\">*<\/span><\/label><select name=\"wpforms[fields][4]\" id=\"wpforms-102-field_4\" class=\"wpforms-field-medium wpforms-field-required\"  required><option value=\"Gemi \u0130n\u015faat\u0131 ve Gemi Makineleri M\u00fchendisli\u011fi\" >Gemi \u0130n\u015faat\u0131 ve Gemi Makineleri M\u00fchendisli\u011fi<\/option><option value=\"Gemi Makineleri \u0130\u015fletme M\u00fchendisli\u011fi\" >Gemi Makineleri \u0130\u015fletme M\u00fchendisli\u011fi<\/option><\/select><\/div><div id=\"wpforms-102-field_11-container\" class=\"wpforms-field wpforms-field-checkbox\" data-field-id=\"11\"><label class=\"wpforms-field-label\" for=\"wpforms-102-field_11\">Kat\u0131l\u0131m \u015eartlar\u0131 <span class=\"wpforms-required-label\">*<\/span><\/label><ul id=\"wpforms-102-field_11\" class=\"wpforms-field-required\"><li class=\"choice-1 depth-1\"><input type=\"checkbox\" id=\"wpforms-102-field_11_1\" name=\"wpforms[fields][11][]\" value=\"&lt;a href=&quot;http:\/\/oryantasyon.yildiz.edu.tr\/oryantasyon_katilim_kosullari.pdf&quot; target=&quot;_blank&quot;&gt;Kat\u0131l\u0131m \u015eartlar\u0131&lt;\/a&gt;&#039;n\u0131 okudum ve kabul ediyorum.\" required ><label class=\"wpforms-field-label-inline\" for=\"wpforms-102-field_11_1\"><a href=\"http:\/\/oryantasyon.yildiz.edu.tr\/oryantasyon_katilim_kosullari.pdf\" target=\"_blank\">Kat\u0131l\u0131m \u015eartlar\u0131<\/a>'n\u0131 okudum ve kabul ediyorum.<\/label><\/li><\/ul><\/div><\/div><div class=\"wpforms-field wpforms-field-hp\"><label for=\"wpforms-102-field-hp\" class=\"wpforms-field-label\">Website<\/label><input type=\"text\" name=\"wpforms[hp]\" id=\"wpforms-102-field-hp\" class=\"wpforms-field-medium\"><\/div><div class=\"wpforms-submit-container\" ><input type=\"hidden\" name=\"wpforms[id]\" value=\"102\"><input type=\"hidden\" name=\"wpforms[author]\" value=\"1\"><button type=\"submit\" name=\"wpforms[submit]\" class=\"wpforms-submit \" id=\"wpforms-submit-102\" value=\"wpforms-submit\" data-alt-text=\"G\u00f6nderiliyor...\">G\u00f6nder<\/button><\/div><\/form><\/div>[\/vc_column_text][\/vc_tta_section][vc_tta_section title=&#8221;\u0130ktisadi ve \u0130dari Bilimler Fak\u00fcltesi \u00bb&#8221; tab_id=&#8221;1601286756854-67966996-6ec6&#8243;][vc_column_text]<p class=\"form-locked-message\">Bu fak\u00fclte i\u00e7in ayr\u0131lan kontenjan dolmu\u015ftur. Etkinli\u011fimizi kurumsal sosyal medya hesaplar\u0131m\u0131zdan canl\u0131 olarak izleyebilirsiniz.<\/p>[\/vc_column_text][\/vc_tta_section][vc_tta_section title=&#8221;\u0130n\u015faat Fak\u00fcltesi \u00bb&#8221; tab_id=&#8221;1601286763571-43c5c548-4e69&#8243;][vc_column_text]<p class=\"form-locked-message\">Bu fak\u00fclte i\u00e7in ayr\u0131lan kontenjan dolmu\u015ftur. Etkinli\u011fimizi kurumsal sosyal medya hesaplar\u0131m\u0131zdan canl\u0131 olarak izleyebilirsiniz.<\/p>[\/vc_column_text][\/vc_tta_section][vc_tta_section title=&#8221;Kimya-Metal\u00fcrji Fak\u00fcltesi \u00bb&#8221; tab_id=&#8221;1601286771318-d9414ec3-30dc&#8221;][vc_column_text]<p class=\"form-locked-message\">Bu fak\u00fclte i\u00e7in ayr\u0131lan kontenjan dolmu\u015ftur. Etkinli\u011fimizi kurumsal sosyal medya hesaplar\u0131m\u0131zdan canl\u0131 olarak izleyebilirsiniz.<\/p>[\/vc_column_text][\/vc_tta_section][vc_tta_section title=&#8221;Makine Fak\u00fcltesi \u00bb&#8221; tab_id=&#8221;1601286778763-c2090bd1-ad54&#8243;][vc_column_text]<p class=\"form-locked-message\">Bu fak\u00fclte i\u00e7in ayr\u0131lan kontenjan dolmu\u015ftur. Etkinli\u011fimizi kurumsal sosyal medya hesaplar\u0131m\u0131zdan canl\u0131 olarak izleyebilirsiniz.<\/p>[\/vc_column_text][\/vc_tta_section][vc_tta_section title=&#8221;Mimarl\u0131k Fak\u00fcltesi \u00bb&#8221; tab_id=&#8221;1601286788161-fe74e286-7a65&#8243;][vc_column_text]<p class=\"form-locked-message\">Bu fak\u00fclte i\u00e7in ayr\u0131lan kontenjan dolmu\u015ftur. Etkinli\u011fimizi kurumsal sosyal medya hesaplar\u0131m\u0131zdan canl\u0131 olarak izleyebilirsiniz.<\/p>[\/vc_column_text][\/vc_tta_section][vc_tta_section title=&#8221;Sanat ve Tasar\u0131m Fak\u00fcltesi \u00bb&#8221; tab_id=&#8221;1601286797434-540ec9f8-aa35&#8243;][vc_column_text]<p class=\"form-locked-message\">Bu fak\u00fclte i\u00e7in ayr\u0131lan kontenjan dolmu\u015ftur. Etkinli\u011fimizi kurumsal sosyal medya hesaplar\u0131m\u0131zdan canl\u0131 olarak izleyebilirsiniz.<\/p>[\/vc_column_text][\/vc_tta_section][vc_tta_section title=&#8221;Uygulamal\u0131 Bilimler Fak\u00fcltesi \u00bb&#8221; tab_id=&#8221;1601286805855-e32b26cb-7f83&#8243;][vc_column_text]<div class=\"wpforms-container wpforms-container-full\" id=\"wpforms-109\"><form id=\"wpforms-form-109\" class=\"wpforms-validate wpforms-form\" data-formid=\"109\" method=\"post\" enctype=\"multipart\/form-data\" action=\"\/index.php\/wp-json\/wp\/v2\/pages\/7\"><div class=\"wpforms-field-container\"><div id=\"wpforms-109-field_1-container\" class=\"wpforms-field wpforms-field-name\" data-field-id=\"1\"><label class=\"wpforms-field-label\" for=\"wpforms-109-field_1\">Ad-Soyad <span class=\"wpforms-required-label\">*<\/span><\/label><div class=\"wpforms-field-row wpforms-field-medium\"><div class=\"wpforms-field-row-block wpforms-first wpforms-one-half\"><input type=\"text\" id=\"wpforms-109-field_1\" class=\"wpforms-field-name-first wpforms-field-required\" name=\"wpforms[fields][1][first]\" placeholder=\"Ad\u0131n\u0131z\" required><label for=\"wpforms-109-field_1\" class=\"wpforms-field-sublabel after wpforms-sublabel-hide\">First<\/label><\/div><div class=\"wpforms-field-row-block wpforms-one-half\"><input type=\"text\" id=\"wpforms-109-field_1-last\" class=\"wpforms-field-name-last wpforms-field-required\" name=\"wpforms[fields][1][last]\" placeholder=\"Soyad\u0131n\u0131z\" required><label for=\"wpforms-109-field_1-last\" class=\"wpforms-field-sublabel after wpforms-sublabel-hide\">Last<\/label><\/div><\/div><\/div><div id=\"wpforms-109-field_5-container\" class=\"wpforms-field wpforms-field-text\" data-field-id=\"5\"><label class=\"wpforms-field-label\" for=\"wpforms-109-field_5\">\u00d6\u011frenci E-posta <span class=\"wpforms-required-label\">*<\/span><\/label><input type=\"text\" id=\"wpforms-109-field_5\" class=\"wpforms-field-medium wpforms-field-required\" name=\"wpforms[fields][5]\" required><\/div><div id=\"wpforms-109-field_6-container\" class=\"wpforms-field wpforms-field-text\" data-field-id=\"6\"><label class=\"wpforms-field-label\" for=\"wpforms-109-field_6\">Telefon No <span class=\"wpforms-required-label\">*<\/span><\/label><input type=\"text\" id=\"wpforms-109-field_6\" class=\"wpforms-field-medium wpforms-field-required\" name=\"wpforms[fields][6]\" required><\/div><div id=\"wpforms-109-field_2-container\" class=\"wpforms-field wpforms-field-text\" data-field-id=\"2\"><label class=\"wpforms-field-label\" for=\"wpforms-109-field_2\">T.C. No <span class=\"wpforms-required-label\">*<\/span><\/label><input type=\"text\" id=\"wpforms-109-field_2\" class=\"wpforms-field-medium wpforms-field-required\" name=\"wpforms[fields][2]\" required><\/div><div id=\"wpforms-109-field_3-container\" class=\"wpforms-field wpforms-field-text\" data-field-id=\"3\"><label class=\"wpforms-field-label\" for=\"wpforms-109-field_3\">HES Kodu <span class=\"wpforms-required-label\">*<\/span><\/label><input type=\"text\" id=\"wpforms-109-field_3\" class=\"wpforms-field-medium wpforms-field-required\" name=\"wpforms[fields][3]\" required><\/div><div id=\"wpforms-109-field_4-container\" class=\"wpforms-field wpforms-field-select\" data-field-id=\"4\"><label class=\"wpforms-field-label\" for=\"wpforms-109-field_4\">B\u00f6l\u00fcm <span class=\"wpforms-required-label\">*<\/span><\/label><select name=\"wpforms[fields][4]\" id=\"wpforms-109-field_4\" class=\"wpforms-field-medium wpforms-field-required\"  required><option value=\"Havac\u0131l\u0131k Elektroni\u011fi B\u00f6l\u00fcm\u00fc\" >Havac\u0131l\u0131k Elektroni\u011fi B\u00f6l\u00fcm\u00fc<\/option><\/select><\/div><div id=\"wpforms-109-field_11-container\" class=\"wpforms-field wpforms-field-checkbox\" data-field-id=\"11\"><label class=\"wpforms-field-label\" for=\"wpforms-109-field_11\">Kat\u0131l\u0131m \u015eartlar\u0131 <span class=\"wpforms-required-label\">*<\/span><\/label><ul id=\"wpforms-109-field_11\" class=\"wpforms-field-required\"><li class=\"choice-1 depth-1\"><input type=\"checkbox\" id=\"wpforms-109-field_11_1\" name=\"wpforms[fields][11][]\" value=\"&lt;a href=&quot;http:\/\/oryantasyon.yildiz.edu.tr\/oryantasyon_katilim_kosullari.pdf&quot; target=&quot;_blank&quot;&gt;Kat\u0131l\u0131m \u015eartlar\u0131&lt;\/a&gt;&#039;n\u0131 okudum ve kabul ediyorum.\" required ><label class=\"wpforms-field-label-inline\" for=\"wpforms-109-field_11_1\"><a href=\"http:\/\/oryantasyon.yildiz.edu.tr\/oryantasyon_katilim_kosullari.pdf\" target=\"_blank\">Kat\u0131l\u0131m \u015eartlar\u0131<\/a>'n\u0131 okudum ve kabul ediyorum.<\/label><\/li><\/ul><\/div><\/div><div class=\"wpforms-field wpforms-field-hp\"><label for=\"wpforms-109-field-hp\" class=\"wpforms-field-label\">Phone<\/label><input type=\"text\" name=\"wpforms[hp]\" id=\"wpforms-109-field-hp\" class=\"wpforms-field-medium\"><\/div><div class=\"wpforms-submit-container\" ><input type=\"hidden\" name=\"wpforms[id]\" value=\"109\"><input type=\"hidden\" name=\"wpforms[author]\" value=\"1\"><button type=\"submit\" name=\"wpforms[submit]\" class=\"wpforms-submit \" id=\"wpforms-submit-109\" value=\"wpforms-submit\" data-alt-text=\"G\u00f6nderiliyor...\">G\u00f6nder<\/button><\/div><\/form><\/div>[\/vc_column_text][\/vc_tta_section][\/vc_tta_tour][\/vc_column][\/vc_row]<\/p>\n","protected":false},"excerpt":{"rendered":"<p>[vc_row border_width=&#8221;0&#8243; margin_top=&#8221;0&#8243; margin_bottom=&#8221;0&#8243; padding_top=&#8221;0&#8243; padding_bottom=&#8221;0&#8243;][vc_column css=&#8221;.vc_custom_1601285739166{margin-top: 0px !important;border-top-width: 0px !important;padding-top: 0px !important;}&#8221;][rev_slider_vc alias=&#8221;oryantasyon-slider&#8221;][\/vc_column][\/vc_row][vc_row row_type=&#8221;row_full_center_content&#8221;][vc_column][vc_column_text] Sevgili Yeni YILDIZLILAR, Y\u0131ld\u0131z Teknik \u00dcniversitesi &#8230;<\/p>\n","protected":false},"author":1,"featured_media":0,"parent":0,"menu_order":0,"comment_status":"closed","ping_status":"closed","template":"","meta":[],"_links":{"self":[{"href":"https:\/\/oryantasyon.yildiz.edu.tr\/index.php\/wp-json\/wp\/v2\/pages\/7"}],"collection":[{"href":"https:\/\/oryantasyon.yildiz.edu.tr\/index.php\/wp-json\/wp\/v2\/pages"}],"about":[{"href":"https:\/\/oryantasyon.yildiz.edu.tr\/index.php\/wp-json\/wp\/v2\/types\/page"}],"author":[{"embeddable":true,"href":"https:\/\/oryantasyon.yildiz.edu.tr\/index.php\/wp-json\/wp\/v2\/users\/1"}],"replies":[{"embeddable":true,"href":"https:\/\/oryantasyon.yildiz.edu.tr\/index.php\/wp-json\/wp\/v2\/comments?post=7"}],"version-history":[{"count":33,"href":"https:\/\/oryantasyon.yildiz.edu.tr\/index.php\/wp-json\/wp\/v2\/pages\/7\/revisions"}],"predecessor-version":[{"id":138,"href":"https:\/\/oryantasyon.yildiz.edu.tr\/index.php\/wp-json\/wp\/v2\/pages\/7\/revisions\/138"}],"wp:attachment":[{"href":"https:\/\/oryantasyon.yildiz.edu.tr\/index.php\/wp-json\/wp\/v2\/media?parent=7"}],"curies":[{"name":"wp","href":"https:\/\/api.w.org\/{rel}","templated":true}]}}